{"id":443,"date":"2024-09-25T12:37:02","date_gmt":"2024-09-25T10:37:02","guid":{"rendered":"https:\/\/acalustra.es\/?page_id=443"},"modified":"2024-09-26T12:50:15","modified_gmt":"2024-09-26T10:50:15","slug":"declaracion-de-accesibilidade","status":"publish","type":"page","link":"https:\/\/acalustra.es\/es\/declaracion-de-accesibilidade\/","title":{"rendered":"Declaraci\u00f3n de accesibilidad"},"content":{"rendered":"<div data-elementor-type=\"wp-page\" data-elementor-id=\"443\" class=\"elementor elementor-443\" data-elementor-post-type=\"page\">\n\t\t\t\t\t\t<section class=\"elementor-section elementor-top-section elementor-element elementor-element-0cde787 elementor-section-full_width elementor-section-height-default elementor-section-height-default\" data-id=\"0cde787\" data-element_type=\"section\">\n\t\t\t\t\t\t<div class=\"elementor-container elementor-column-gap-no\">\n\t\t\t\t\t<div class=\"elementor-column elementor-col-100 elementor-top-column elementor-element elementor-element-84f1157\" data-id=\"84f1157\" data-element_type=\"column\">\n\t\t\t<div class=\"elementor-widget-wrap elementor-element-populated\">\n\t\t\t\t\t\t<div class=\"elementor-element elementor-element-6e8865c elementor-align-left elementor-widget elementor-widget-bdevs-slider-two\" data-id=\"6e8865c\" data-element_type=\"widget\" data-widget_type=\"bdevs-slider-two.default\">\n\t\t\t\t<div class=\"elementor-widget-container\">\n\t\t\t\t\t\t\t<div class=\"upper-page\" id=\"home\">\n            <!-- dots start -->\n            <div class=\"dots\">\n                <div class=\"the-dots\"><\/div>\n            <\/div>\n            <div class=\"dots-reverse\">\n                <div class=\"the-dots\"><\/div>\n            <\/div>\n            <!-- dots end -->\n            <!-- hero bg start -->\n            <div class=\"hero-fullscreen\">\n                <div class=\"hero-fullscreen-FIX\">\n                    <div class=\"hero-bg\">\n                        <!-- hero slider wrapper start -->\n                        <div class=\"swiper-container-wrapper\">\n                            <!-- swiper container start -->\n                            <div class=\"swiper-container\">\n                                <!-- swiper wrapper start -->\n                                <div class=\"swiper-wrapper\">\n                                    <!-- swiper slider item start -->\n                                    <div class=\"swiper-slide\">\n                                        <div class=\"swiper-slide-inner\">\n                                        \t                                            <!-- swiper slider item IMG start -->\n                                            <div class=\"swiper-slide-inner-bg bg-img-1\" style=\"background-image: url(https:\/\/acalustra.es\/wp-content\/uploads\/2024\/09\/rest_1.jpg );\">\n                                            <\/div>\n                                                                                        <!-- overlay start -->\n                                            <div class=\"overlay overlay-dark-75\"><\/div>\n                                            <!-- overlay end -->\n                                            <!-- swiper slider item txt start -->\n                                            <div class=\"swiper-slide-inner-txt\">\n                                                <!-- section subtitle start -->\n                                                <a href=\"#\">\n                                                    <h2 class=\"hero-subheading hero-subheading-home fadeIn-element introduction\">\n                                                        <span>Taper\u00eda Restaurante<\/span>\n                                                    <\/h2>\n                                                <\/a>\n                                                <!-- section subtitle end -->\n                                                <!-- divider start -->\n                                                <div class=\"divider-m\"><\/div>\n                                                <!-- divider end -->\n                                                <!-- section title start -->\n                                                <h1 class=\"hero-heading hero-heading-home fadeIn-element introduction\">\n                                                    A Calustra                                               \n                                                <\/h1>\n                                                <!-- section title end -->\n                                            <\/div>\n                                            <!-- swiper slider item txt end -->\n                                        <\/div>\n                                    <\/div>\n                                    <!-- swiper slider item end -->\n                                <\/div>\n                                <!-- swiper wrapper end -->   \n                            <\/div>\n                            <!-- swiper container end -->\n                        <\/div>\n                        <!-- hero slider wrapper end -->\n                    <\/div>\n                <\/div>\n            <\/div>\n            <!-- hero bg end -->\n            <!-- center container start -->\n            <!-- center container end -->\n                        <!-- waves start -->\n            <svg class=\"waves\" xmlns=\"http:\/\/www.w3.org\/2000\/svg\" xmlns:xlink=\"http:\/\/www.w3.org\/1999\/xlink\"\n                viewbox=\"0 24 150 28\" preserveaspectratio=\"none\" shape-rendering=\"auto\">\n                <defs>\n                    <path id=\"gentle-wave-1\" d=\"M-160 44c30 0 58-18 88-18s 58 18 88 18 58-18 88-18 58 18 88 18 v44h-352z\" \/>\n                <\/defs>\n                <g class=\"parallax\">\n                    <use xlink:href=\"#gentle-wave-1\" x=\"48\" y=\"0\" fill=\"rgba(255, 255, 255, 0.7\" \/>\n                    <use xlink:href=\"#gentle-wave-1\" x=\"48\" y=\"3\" fill=\"rgba(255, 255, 255, 0.5)\" \/>\n                    <use xlink:href=\"#gentle-wave-1\" x=\"48\" y=\"5\" fill=\"rgba(255, 255, 255, 0.3)\" \/>\n                    <use xlink:href=\"#gentle-wave-1\" x=\"48\" y=\"7\" fill=\"#fff\" \/>\n                <\/g>\n            <\/svg>\n            <!-- waves end -->\n        \t        <\/div>\n\t\t\t\t\t<\/div>\n\t\t\t\t<\/div>\n\t\t\t\t\t<\/div>\n\t\t<\/div>\n\t\t\t\t\t<\/div>\n\t\t<\/section>\n\t\t\t\t<section class=\"elementor-section elementor-top-section elementor-element elementor-element-1adef78 elementor-section-boxed elementor-section-height-default elementor-section-height-default\" data-id=\"1adef78\" data-element_type=\"section\">\n\t\t\t\t\t\t<div class=\"elementor-container elementor-column-gap-default\">\n\t\t\t\t\t<div class=\"elementor-column elementor-col-100 elementor-top-column elementor-element elementor-element-5e1dfbc\" data-id=\"5e1dfbc\" data-element_type=\"column\">\n\t\t\t<div class=\"elementor-widget-wrap elementor-element-populated\">\n\t\t\t\t\t\t<div class=\"elementor-element elementor-element-1907062 elementor-widget elementor-widget-heading\" data-id=\"1907062\" data-element_type=\"widget\" data-widget_type=\"heading.default\">\n\t\t\t\t<div class=\"elementor-widget-container\">\n\t\t\t\t\t<h2 class=\"elementor-heading-title elementor-size-default\">Declaraci\u00f3n de accesibilidad<\/h2>\t\t\t\t<\/div>\n\t\t\t\t<\/div>\n\t\t\t\t<div class=\"elementor-element elementor-element-ccad7d1 elementor-widget elementor-widget-text-editor\" data-id=\"ccad7d1\" data-element_type=\"widget\" data-widget_type=\"text-editor.default\">\n\t\t\t\t<div class=\"elementor-widget-container\">\n\t\t\t\t\t\t\t\t\t<p>A Calustra se ha comprometido a hacer accesible su sitio web, de conformidad con el <a href=\"http:\/\/www.boe.es\/diario_boe\/txt.php?id=BOE-A-2018-12699\" target=\"_blank\" rel=\"noreferrer noopener\">Real Decreto 1112\/2018, de 7 de septiembre, sobre accesibilidad de los sitios web y aplicaciones para dispositivos m\u00f3viles del sector p\u00fablico<\/a>.<\/p><p>\u00a0<\/p><p>La presente declaraci\u00f3n de accesibilidad se aplica al sitio web https:\/\/acalustra.es:<\/p><p>\u00a0<\/p><p><strong>SITUACI\u00d3N DE CUMPLIMIENTO<\/strong><\/p><p>Este sitio web es parcialmente conforme con el\u00a0<a href=\"http:\/\/www.boe.es\/diario_boe\/txt.php?id=BOE-A-2018-12699\" target=\"_blank\" rel=\"noreferrer noopener\">RD 1112\/2018<\/a>\u00a0debido a las excepciones y a la falta de conformidad de los aspectos que se indican en el siguiente punto.<\/p><p>\u00a0<\/p><p><strong>CONTENIDO NO ACCESIBLE<\/strong><\/p><p>El contenido que se recoge a continuaci\u00f3n no es accesible por lo siguiente:<\/p><ul class=\"wp-block-list\"><li><strong>Falta de conformidad con el RD 1112\/2018<\/strong><\/li><\/ul><p>No aplica.<\/p><ul class=\"wp-block-list\"><li><strong>Carga desproporcionada<\/strong><\/li><\/ul><p>No aplica.<\/p><ul class=\"wp-block-list\"><li><strong>El contenido no entra dentro del \u00e1mbito de la legislaci\u00f3n aplicable<\/strong><\/li><\/ul><p>No aplica.<\/p><p><strong>PREPARACI\u00d3N DE LA PRESENTE DECLARACI\u00d3N DE ACCESIBILIDAD<\/strong><\/p><p>La presente declaraci\u00f3n fue preparada el 26 de septiembre 2024.<\/p><p>El m\u00e9todo empleado para preparar la declaraci\u00f3n ha sido una autoevaluaci\u00f3n validada a trav\u00e9s de\u00a0<a href=\"https:\/\/www.tawdis.net\/\" target=\"_blank\" rel=\"noreferrer noopener\">https:\/\/www.tawdis.net\/<\/a><\/p><p>\u00a0<\/p><p><strong>OBSERVACIONES Y DATOS DE CONTACTO<\/strong><\/p><p>Puede realizar\u00a0comunicaciones\u00a0sobre requisitos de accesibilidad (art\u00edculo 10.2.a del RD 1112\/2018) como por ejemplo:<\/p><ul class=\"wp-block-list\"><li>informar sobre cualquier posible incumplimiento por parte de este sitio web<\/li><li>transmitir otras\u00a0dificultades de acceso\u00a0al contenido<\/li><li>formular cualquier otra\u00a0consulta o sugerencia de mejora\u00a0relativa a la accesibilidad del sitio web<\/li><\/ul><p>a trav\u00e9s del correo contacto@acalustra.es<\/p><p>Puede presentar:<\/p><ul class=\"wp-block-list\"><li><strong>Queja\u00a0<\/strong>relativa al cumplimiento de los requisitos del RD 1112\/2018 o<\/li><li><strong>Solicitud de Informaci\u00f3n accesible<\/strong>\u00a0relativa a:\u00a0 \u00a0 \u00a0 \u00a0 \u00a0 \u00a0 \u00a0 \u00a0 Contenidos que est\u00e1n excluidos del \u00e1mbito de aplicaci\u00f3n del RD 1112\/2018 seg\u00fan lo establecido por el art\u00edculo 3, apartado 4.Contenidos que est\u00e1n exentos del cumplimiento de los requisitos de accesibilidad por imponer una carga desproporcionada.<\/li><\/ul><p>En la Solicitud de informaci\u00f3n accesible, se debe concretar, con toda claridad, los hechos, razones y petici\u00f3n que permitan constatar que se trata de una solicitud razonable y leg\u00edtima.<\/p><p>Las quejas y reclamaciones sobre informaci\u00f3n accesible se realizar\u00e1n a trav\u00e9s de la direcci\u00f3n de correo electr\u00f3nico contacto@acalustra.es, y ser\u00e1n recibidas y tratadas por el propietario de la web.<\/p><p>\u00a0<\/p><p><strong>PROCEDIMIENTO DE APLICACI\u00d3N<\/strong><\/p><p>Si una vez realizada una solicitud de informaci\u00f3n accesible o queja, \u00e9sta hubiera sido desestimada, no se estuviera de acuerdo con la decisi\u00f3n adoptada, o la respuesta no cumpliera los requisitos contemplados en el art\u00edculo 12.5, la persona interesada podr\u00e1 iniciar una reclamaci\u00f3n. Igualmente se podr\u00e1 iniciar una reclamaci\u00f3n en el caso de que haya transcurrido el plazo de veinte d\u00edas h\u00e1biles sin haber obtenido respuesta.<\/p><p>\u00a0<\/p><p><strong>CONTENIDO OPCIONAL<\/strong><\/p><p>Este portal est\u00e1 dise\u00f1ado para poder cambiar el tama\u00f1o del texto y el color, as\u00ed como el fondo de la p\u00e1gina mediante las opciones de configuraci\u00f3n est\u00e1ndar de los navegadores.<\/p><p>Si desea cambiar el tama\u00f1o de letra del texto en los principales navegadores gr\u00e1ficos utilice los siguientes men\u00fas:<\/p><p>Si lo que quiere es anular la hoja de estilos o modificar el color del texto, puede consultar la p\u00e1gina How to Change Text Size or Colors de la WAI, que se puede leer traducida al espa\u00f1ol en \u00bfC\u00f3mo cambiar el tama\u00f1o del texto o colores?<\/p><p>Internet Explorer, Mozilla y Firefox: Ver &gt; Tama\u00f1o del texto<\/p><p>Opera: Ver &gt; Zoom<\/p><p>Safari: Ver &gt; Hacer el texto m\u00e1s grande<\/p><p>Chrome: Controla la p\u00e1gina actual &gt; Tama\u00f1o del texto<\/p><p>Para modificar el tama\u00f1o de todo en la p\u00e1gina:<\/p><p>Ctrl + + para aumentarlo<\/p><p>Ctrl + \u2013 para disminuirlo<\/p><p>Ctrl + 0 restaura el tama\u00f1o original del texto<\/p>\t\t\t\t\t\t\t\t<\/div>\n\t\t\t\t<\/div>\n\t\t\t\t\t<\/div>\n\t\t<\/div>\n\t\t\t\t\t<\/div>\n\t\t<\/section>\n\t\t\t\t<\/div>","protected":false},"excerpt":{"rendered":"<p>Taper\u00eda Restaurante A Calustra Declaraci\u00f3n de accesibilidade A Calustra se ha comprometido a hacer accesible su sitio web, de conformidad con el Real Decreto 1112\/2018, de 7 de septiembre, sobre accesibilidad de los sitios web y aplicaciones para dispositivos m\u00f3viles del sector p\u00fablico.\u00a0La presente declaraci\u00f3n de accesibilidad se aplica al sitio web https:\/\/acalustra.es:\u00a0SITUACI\u00d3N DE CUMPLIMIENTOEste [&hellip;]<\/p>","protected":false},"author":1,"featured_media":0,"parent":0,"menu_order":0,"comment_status":"closed","ping_status":"closed","template":"page-templates\/home-1.php","meta":{"inline_featured_image":false,"_joinchat":[],"footnotes":""},"class_list":["post-443","page","type-page","status-publish","hentry"],"yoast_head":"<!-- This site is optimized with the Yoast SEO plugin v26.8 - https:\/\/yoast.com\/product\/yoast-seo-wordpress\/ -->\n<title>Declaraci\u00f3n de accesibilidade - Restaurante Taper\u00eda A Calustra<\/title>\n<meta name=\"robots\" content=\"index, follow, max-snippet:-1, max-image-preview:large, max-video-preview:-1\" \/>\n<link rel=\"canonical\" href=\"https:\/\/acalustra.es\/es\/declaracion-de-accesibilidade\/\" \/>\n<meta property=\"og:locale\" content=\"es_ES\" \/>\n<meta property=\"og:type\" content=\"article\" \/>\n<meta property=\"og:title\" content=\"Declaraci\u00f3n de accesibilidade - Restaurante Taper\u00eda A Calustra\" \/>\n<meta property=\"og:description\" content=\"Taper\u00eda Restaurante A Calustra Declaraci\u00f3n de accesibilidade A Calustra se ha comprometido a hacer accesible su sitio web, de conformidad con el Real Decreto 1112\/2018, de 7 de septiembre, sobre accesibilidad de los sitios web y aplicaciones para dispositivos m\u00f3viles del sector p\u00fablico.\u00a0La presente declaraci\u00f3n de accesibilidad se aplica al sitio web https:\/\/acalustra.es:\u00a0SITUACI\u00d3N DE CUMPLIMIENTOEste [&hellip;]\" \/>\n<meta property=\"og:url\" content=\"https:\/\/acalustra.es\/es\/declaracion-de-accesibilidade\/\" \/>\n<meta property=\"og:site_name\" content=\"Restaurante Taper\u00eda A Calustra\" \/>\n<meta property=\"article:publisher\" content=\"https:\/\/es-es.facebook.com\/people\/A-CALUSTRA\/100063172182959\/\" \/>\n<meta property=\"article:modified_time\" content=\"2024-09-26T10:50:15+00:00\" \/>\n<meta name=\"twitter:card\" content=\"summary_large_image\" \/>\n<meta name=\"twitter:label1\" content=\"Tiempo de lectura\" \/>\n\t<meta name=\"twitter:data1\" content=\"3 minutos\" \/>\n<script type=\"application\/ld+json\" class=\"yoast-schema-graph\">{\"@context\":\"https:\/\/schema.org\",\"@graph\":[{\"@type\":\"WebPage\",\"@id\":\"https:\/\/acalustra.es\/declaracion-de-accesibilidade\/\",\"url\":\"https:\/\/acalustra.es\/declaracion-de-accesibilidade\/\",\"name\":\"Declaraci\u00f3n de accesibilidade - Restaurante Taper\u00eda A Calustra\",\"isPartOf\":{\"@id\":\"https:\/\/acalustra.es\/#website\"},\"datePublished\":\"2024-09-25T10:37:02+00:00\",\"dateModified\":\"2024-09-26T10:50:15+00:00\",\"breadcrumb\":{\"@id\":\"https:\/\/acalustra.es\/declaracion-de-accesibilidade\/#breadcrumb\"},\"inLanguage\":\"es\",\"potentialAction\":[{\"@type\":\"ReadAction\",\"target\":[\"https:\/\/acalustra.es\/declaracion-de-accesibilidade\/\"]}]},{\"@type\":\"BreadcrumbList\",\"@id\":\"https:\/\/acalustra.es\/declaracion-de-accesibilidade\/#breadcrumb\",\"itemListElement\":[{\"@type\":\"ListItem\",\"position\":1,\"name\":\"Inicio\",\"item\":\"https:\/\/acalustra.es\/\"},{\"@type\":\"ListItem\",\"position\":2,\"name\":\"Declaraci\u00f3n de accesibilidade\"}]},{\"@type\":\"WebSite\",\"@id\":\"https:\/\/acalustra.es\/#website\",\"url\":\"https:\/\/acalustra.es\/\",\"name\":\"Restaurante Taper\u00eda A Calustra\",\"description\":\"\",\"publisher\":{\"@id\":\"https:\/\/acalustra.es\/#organization\"},\"potentialAction\":[{\"@type\":\"SearchAction\",\"target\":{\"@type\":\"EntryPoint\",\"urlTemplate\":\"https:\/\/acalustra.es\/?s={search_term_string}\"},\"query-input\":{\"@type\":\"PropertyValueSpecification\",\"valueRequired\":true,\"valueName\":\"search_term_string\"}}],\"inLanguage\":\"es\"},{\"@type\":\"Organization\",\"@id\":\"https:\/\/acalustra.es\/#organization\",\"name\":\"Restaurante Taper\u00eda A Calustra\",\"url\":\"https:\/\/acalustra.es\/\",\"logo\":{\"@type\":\"ImageObject\",\"inLanguage\":\"es\",\"@id\":\"https:\/\/acalustra.es\/#\/schema\/logo\/image\/\",\"url\":\"https:\/\/acalustra.es\/wp-content\/uploads\/2024\/09\/logo.jpg\",\"contentUrl\":\"https:\/\/acalustra.es\/wp-content\/uploads\/2024\/09\/logo.jpg\",\"width\":329,\"height\":100,\"caption\":\"Restaurante Taper\u00eda A Calustra\"},\"image\":{\"@id\":\"https:\/\/acalustra.es\/#\/schema\/logo\/image\/\"},\"sameAs\":[\"https:\/\/es-es.facebook.com\/people\/A-CALUSTRA\/100063172182959\/\",\"https:\/\/www.instagram.com\/acalustra\/\"]}]}<\/script>\n<!-- \/ Yoast SEO plugin. -->","yoast_head_json":{"title":"Declaraci\u00f3n de accesibilidade - Restaurante Taper\u00eda A Calustra","robots":{"index":"index","follow":"follow","max-snippet":"max-snippet:-1","max-image-preview":"max-image-preview:large","max-video-preview":"max-video-preview:-1"},"canonical":"https:\/\/acalustra.es\/es\/declaracion-de-accesibilidade\/","og_locale":"es_ES","og_type":"article","og_title":"Declaraci\u00f3n de accesibilidade - Restaurante Taper\u00eda A Calustra","og_description":"Taper\u00eda Restaurante A Calustra Declaraci\u00f3n de accesibilidade A Calustra se ha comprometido a hacer accesible su sitio web, de conformidad con el Real Decreto 1112\/2018, de 7 de septiembre, sobre accesibilidad de los sitios web y aplicaciones para dispositivos m\u00f3viles del sector p\u00fablico.\u00a0La presente declaraci\u00f3n de accesibilidad se aplica al sitio web https:\/\/acalustra.es:\u00a0SITUACI\u00d3N DE CUMPLIMIENTOEste [&hellip;]","og_url":"https:\/\/acalustra.es\/es\/declaracion-de-accesibilidade\/","og_site_name":"Restaurante Taper\u00eda A Calustra","article_publisher":"https:\/\/es-es.facebook.com\/people\/A-CALUSTRA\/100063172182959\/","article_modified_time":"2024-09-26T10:50:15+00:00","twitter_card":"summary_large_image","twitter_misc":{"Tiempo de lectura":"3 minutos"},"schema":{"@context":"https:\/\/schema.org","@graph":[{"@type":"WebPage","@id":"https:\/\/acalustra.es\/declaracion-de-accesibilidade\/","url":"https:\/\/acalustra.es\/declaracion-de-accesibilidade\/","name":"Declaraci\u00f3n de accesibilidade - Restaurante Taper\u00eda A Calustra","isPartOf":{"@id":"https:\/\/acalustra.es\/#website"},"datePublished":"2024-09-25T10:37:02+00:00","dateModified":"2024-09-26T10:50:15+00:00","breadcrumb":{"@id":"https:\/\/acalustra.es\/declaracion-de-accesibilidade\/#breadcrumb"},"inLanguage":"es","potentialAction":[{"@type":"ReadAction","target":["https:\/\/acalustra.es\/declaracion-de-accesibilidade\/"]}]},{"@type":"BreadcrumbList","@id":"https:\/\/acalustra.es\/declaracion-de-accesibilidade\/#breadcrumb","itemListElement":[{"@type":"ListItem","position":1,"name":"Inicio","item":"https:\/\/acalustra.es\/"},{"@type":"ListItem","position":2,"name":"Declaraci\u00f3n de accesibilidade"}]},{"@type":"WebSite","@id":"https:\/\/acalustra.es\/#website","url":"https:\/\/acalustra.es\/","name":"Restaurante Taper\u00eda A Calustra","description":"","publisher":{"@id":"https:\/\/acalustra.es\/#organization"},"potentialAction":[{"@type":"SearchAction","target":{"@type":"EntryPoint","urlTemplate":"https:\/\/acalustra.es\/?s={search_term_string}"},"query-input":{"@type":"PropertyValueSpecification","valueRequired":true,"valueName":"search_term_string"}}],"inLanguage":"es"},{"@type":"Organization","@id":"https:\/\/acalustra.es\/#organization","name":"Restaurante Taper\u00eda A Calustra","url":"https:\/\/acalustra.es\/","logo":{"@type":"ImageObject","inLanguage":"es","@id":"https:\/\/acalustra.es\/#\/schema\/logo\/image\/","url":"https:\/\/acalustra.es\/wp-content\/uploads\/2024\/09\/logo.jpg","contentUrl":"https:\/\/acalustra.es\/wp-content\/uploads\/2024\/09\/logo.jpg","width":329,"height":100,"caption":"Restaurante Taper\u00eda A Calustra"},"image":{"@id":"https:\/\/acalustra.es\/#\/schema\/logo\/image\/"},"sameAs":["https:\/\/es-es.facebook.com\/people\/A-CALUSTRA\/100063172182959\/","https:\/\/www.instagram.com\/acalustra\/"]}]}},"_links":{"self":[{"href":"https:\/\/acalustra.es\/es\/wp-json\/wp\/v2\/pages\/443","targetHints":{"allow":["GET"]}}],"collection":[{"href":"https:\/\/acalustra.es\/es\/wp-json\/wp\/v2\/pages"}],"about":[{"href":"https:\/\/acalustra.es\/es\/wp-json\/wp\/v2\/types\/page"}],"author":[{"embeddable":true,"href":"https:\/\/acalustra.es\/es\/wp-json\/wp\/v2\/users\/1"}],"replies":[{"embeddable":true,"href":"https:\/\/acalustra.es\/es\/wp-json\/wp\/v2\/comments?post=443"}],"version-history":[{"count":17,"href":"https:\/\/acalustra.es\/es\/wp-json\/wp\/v2\/pages\/443\/revisions"}],"predecessor-version":[{"id":568,"href":"https:\/\/acalustra.es\/es\/wp-json\/wp\/v2\/pages\/443\/revisions\/568"}],"wp:attachment":[{"href":"https:\/\/acalustra.es\/es\/wp-json\/wp\/v2\/media?parent=443"}],"curies":[{"name":"wp","href":"https:\/\/api.w.org\/{rel}","templated":true}]}}